{"id":135,"date":"2013-08-30T10:41:58","date_gmt":"2013-08-30T09:41:58","guid":{"rendered":"http:\/\/localhost:8888\/wordpress\/?page_id=135"},"modified":"2025-11-14T18:21:03","modified_gmt":"2025-11-14T17:21:03","slug":"mentions-legales","status":"publish","type":"page","link":"https:\/\/batijournal.com\/index.php\/mentions-legales\/","title":{"rendered":"Mentions l\u00e9gales"},"content":{"rendered":"<p>Le site\u00a0<a href=\"https:\/\/batijournal.com\">Bati-journal.com<\/a> est cr\u00e9\u00e9 et \u00e9dit\u00e9 par :<\/p>\n<p><strong>STM Press<\/strong><br \/>\nAgence de presse<br \/>\n9 rue du Moulin \u00e0 vent<br \/>\n77730 Citry<br \/>\nT\u00e9l : +33 6 32 68 10 78<br \/>\n<b>Directeur de la publication : <\/b>\u00a0St\u00e9phane Miget<br \/>\n<b>Webmaster et diffusion newsletters : <\/b> St\u00e9phane Miget<\/p>\n<p><span style=\"text-decoration: underline;\">Le site Bati-Journal est h\u00e9berg\u00e9 par : <\/span><br \/>\nOVH<br \/>\n2 rue Kellermann &#8211; 59100 Roubaix &#8211; France<br \/>\nSAS au capital de 10 069 020 \u20ac<\/p>\n<p><b><span style=\"text-decoration: underline;\">PROPRI\u00c9T\u00c9 INTELLECTUELLE<\/span><\/b><\/p>\n<p><b>Bati-Journal<\/b> est une marque d\u00e9pos\u00e9e par la soci\u00e9t\u00e9 <strong>STM Press<\/strong>. Toute reproduction non autoris\u00e9e de cette marque, logo, signe distinctif constitue une contrefa\u00e7on passible de sanctions p\u00e9nales. Le contrevenant s&rsquo;expose \u00e0 des sanctions civiles et p\u00e9nales et notamment aux peines pr\u00e9vues aux articles L.335.2 et L.343.1 du code de la Propri\u00e9t\u00e9 Intellectuelle.<\/p>\n<p>L&rsquo;utilisateur est seul responsable du contenu qu&rsquo;il met en ligne via les services propos\u00e9s sur le site, ainsi que des textes qu&rsquo;il formule. Il s&rsquo;engage notamment \u00e0 ce que ces donn\u00e9es ne soient pas de nature \u00e0 porter atteintes aux int\u00e9r\u00eats l\u00e9gitimes de tiers quels qu&rsquo;ils soient. \u00c0 ce titre, il garantie <b><strong>STM Press<\/strong> <\/b>\u00a0contre tous recours, fond\u00e9s directement ou indirectement sur ces propos et\/ou donn\u00e9es, susceptibles d&rsquo;\u00eatre intent\u00e9s par quiconque \u00e0 l&rsquo;encontre de <strong>STM Press<\/strong>. Il s&rsquo;engage en particulier \u00e0 prendre en charge le paiement des sommes, quelles qu&rsquo;elles soient, r\u00e9sultant du recours d&rsquo;un tiers \u00e0 l&rsquo;encontre de <b><strong>STM Press<\/strong><\/b>, y compris les honoraires d&rsquo;avocat et frais de justice.<\/p>\n<p><b><span style=\"text-decoration: underline;\">DONN\u00c9ES PERSONNELLES<\/span><\/b><\/p>\n<p>Conform\u00e9ment au nouveau r\u00e8glement g\u00e9n\u00e9ral europ\u00e9en sur la protection des donn\u00e9es (RGPD) entr\u00e9 en application le 25 mai 2018, nous vous informons que vous pouvez \u00e0 tout moment exercer vos droits.<\/p>\n<p>Si vous souhaitez vous d\u00e9sabonner et ne plus recevoir nos actualit\u00e9s, cliquez sur le lien \u00ab Se d\u00e9sabonner \u00bb dans les newsletters que vous avez re\u00e7u suite \u00e0 votre inscription dans nos listes de diffusion. Vous avez la possibilit\u00e9 de vous d\u00e9sinscrire \u00e0 tout moment.<\/p>\n<p>Vous pouvez \u00e9galement nous contacter via l\u2019adresse <em>(les informations se trouvant en fin de page)\u00a0<\/em><\/p>\n<p><strong>Pourquoi STM Press collecte-t-il les Donn\u00e9es de l\u2019utilisateur ?<\/strong><\/p>\n<p>Les donn\u00e9es recueillies dans le cadre de l\u2019utilisation du site et des applications font l\u2019objet d\u2019un traitement dans le but de r\u00e9pondre aux finalit\u00e9s suivantes :<\/p>\n<ul>\n<li>l\u2019envoi de newsletters et d\u2019emailing partenaires<\/li>\n<li>l\u2019\u00e9laboration de statistiques et de mesures de fr\u00e9quentation des services<\/li>\n<\/ul>\n<p>STM Press ne proc\u00e8de pas \u00e0 la collecte de donn\u00e9es personnelles dites \u00ab sensibles \u00bb. Seules les donn\u00e9es strictement n\u00e9cessaires \u00e0 la poursuite des objectifs sont collect\u00e9es et trait\u00e9es pour des finalit\u00e9s d\u00e9termin\u00e9es explicites et l\u00e9gitimes.<\/p>\n<p>Pour toutes demandes, merci de vous adresser par voie postale :<\/p>\n<p>STM Press<br \/>\n9 rue du Moulin \u00e0 vent<br \/>\n77730 Citry<\/p>\n<p>ou via <a href=\"https:\/\/batijournal.com\/index.php\/contact\/\">le formulaire de contact<\/a> mis \u00e0 votre disposition sur le site.<\/p>\n<p>Toutes les donn\u00e9es personnelles qui sont recueillies sont trait\u00e9es avec la plus stricte confidentialit\u00e9. En particulier, <strong>STM Press<\/strong> s&rsquo;engage \u00e0 respecter la confidentialit\u00e9 des messages courriels transmis au moyen d&rsquo;une messagerie \u00e9lectronique.<\/p>\n","protected":false},"excerpt":{"rendered":"<p>Le site\u00a0Bati-journal.com est cr\u00e9\u00e9 et \u00e9dit\u00e9 par : STM Press Agence de presse 9 rue du Moulin \u00e0 vent 77730 Citry T\u00e9l : +33 6 32 68 10 78 Directeur de la publication : \u00a0St\u00e9phane Miget Webmaster et diffusion newsletters : St\u00e9phane Miget Le site Bati-Journal est h\u00e9berg\u00e9 par : OVH 2 rue Kellermann &#8211; [&hellip;]<\/p>\n","protected":false},"author":1,"featured_media":0,"parent":0,"menu_order":0,"comment_status":"closed","ping_status":"closed","template":"","meta":{"_et_pb_use_builder":"","_et_pb_old_content":"","_et_gb_content_width":"","footnotes":""},"class_list":["post-135","page","type-page","status-publish","hentry"],"yoast_head":"<!-- This site is optimized with the Yoast SEO plugin v27.4 - https:\/\/yoast.com\/product\/yoast-seo-wordpress\/ -->\n<title>Mentions l\u00e9gales - Batijournal<\/title>\n<meta name=\"description\" content=\"Mentions l\u00e9gales du site Bati-journal.com, r\u00e9daction, publicit\u00e9, h\u00e9bergement\" \/>\n<meta name=\"robots\" content=\"index, follow, max-snippet:-1, max-image-preview:large, max-video-preview:-1\" \/>\n<link rel=\"canonical\" href=\"https:\/\/batijournal.com\/index.php\/mentions-legales\/\" \/>\n<meta property=\"og:locale\" content=\"fr_FR\" \/>\n<meta property=\"og:type\" content=\"article\" \/>\n<meta property=\"og:title\" content=\"Mentions l\u00e9gales - Batijournal\" \/>\n<meta property=\"og:description\" content=\"Mentions l\u00e9gales du site Bati-journal.com, r\u00e9daction, publicit\u00e9, h\u00e9bergement\" \/>\n<meta property=\"og:url\" content=\"https:\/\/batijournal.com\/index.php\/mentions-legales\/\" \/>\n<meta property=\"og:site_name\" content=\"Batijournal\" \/>\n<meta property=\"article:modified_time\" content=\"2025-11-14T17:21:03+00:00\" \/>\n<meta name=\"twitter:card\" content=\"summary_large_image\" \/>\n<meta name=\"twitter:site\" content=\"@bati_journal\" \/>\n<meta name=\"twitter:label1\" content=\"Dur\u00e9e de lecture estim\u00e9e\" \/>\n\t<meta name=\"twitter:data1\" content=\"3 minutes\" \/>\n<script type=\"application\/ld+json\" class=\"yoast-schema-graph\">{\"@context\":\"https:\\\/\\\/schema.org\",\"@graph\":[{\"@type\":\"WebPage\",\"@id\":\"https:\\\/\\\/batijournal.com\\\/index.php\\\/mentions-legales\\\/\",\"url\":\"https:\\\/\\\/batijournal.com\\\/index.php\\\/mentions-legales\\\/\",\"name\":\"Mentions l\u00e9gales - Batijournal\",\"isPartOf\":{\"@id\":\"https:\\\/\\\/batijournal.com\\\/#website\"},\"datePublished\":\"2013-08-30T09:41:58+00:00\",\"dateModified\":\"2025-11-14T17:21:03+00:00\",\"description\":\"Mentions l\u00e9gales du site Bati-journal.com, r\u00e9daction, publicit\u00e9, h\u00e9bergement\",\"breadcrumb\":{\"@id\":\"https:\\\/\\\/batijournal.com\\\/index.php\\\/mentions-legales\\\/#breadcrumb\"},\"inLanguage\":\"fr-FR\",\"potentialAction\":[{\"@type\":\"ReadAction\",\"target\":[\"https:\\\/\\\/batijournal.com\\\/index.php\\\/mentions-legales\\\/\"]}]},{\"@type\":\"BreadcrumbList\",\"@id\":\"https:\\\/\\\/batijournal.com\\\/index.php\\\/mentions-legales\\\/#breadcrumb\",\"itemListElement\":[{\"@type\":\"ListItem\",\"position\":1,\"name\":\"Accueil\",\"item\":\"https:\\\/\\\/batijournal.com\\\/\"},{\"@type\":\"ListItem\",\"position\":2,\"name\":\"Mentions l\u00e9gales\"}]},{\"@type\":\"WebSite\",\"@id\":\"https:\\\/\\\/batijournal.com\\\/#website\",\"url\":\"https:\\\/\\\/batijournal.com\\\/\",\"name\":\"Batijournal\",\"description\":\"L&#039;actualit\u00e9 du b\u00e2timent\",\"potentialAction\":[{\"@type\":\"SearchAction\",\"target\":{\"@type\":\"EntryPoint\",\"urlTemplate\":\"https:\\\/\\\/batijournal.com\\\/?s={search_term_string}\"},\"query-input\":{\"@type\":\"PropertyValueSpecification\",\"valueRequired\":true,\"valueName\":\"search_term_string\"}}],\"inLanguage\":\"fr-FR\"}]}<\/script>\n<!-- \/ Yoast SEO plugin. -->","yoast_head_json":{"title":"Mentions l\u00e9gales - Batijournal","description":"Mentions l\u00e9gales du site Bati-journal.com, r\u00e9daction, publicit\u00e9, h\u00e9bergement","robots":{"index":"index","follow":"follow","max-snippet":"max-snippet:-1","max-image-preview":"max-image-preview:large","max-video-preview":"max-video-preview:-1"},"canonical":"https:\/\/batijournal.com\/index.php\/mentions-legales\/","og_locale":"fr_FR","og_type":"article","og_title":"Mentions l\u00e9gales - Batijournal","og_description":"Mentions l\u00e9gales du site Bati-journal.com, r\u00e9daction, publicit\u00e9, h\u00e9bergement","og_url":"https:\/\/batijournal.com\/index.php\/mentions-legales\/","og_site_name":"Batijournal","article_modified_time":"2025-11-14T17:21:03+00:00","twitter_card":"summary_large_image","twitter_site":"@bati_journal","twitter_misc":{"Dur\u00e9e de lecture estim\u00e9e":"3 minutes"},"schema":{"@context":"https:\/\/schema.org","@graph":[{"@type":"WebPage","@id":"https:\/\/batijournal.com\/index.php\/mentions-legales\/","url":"https:\/\/batijournal.com\/index.php\/mentions-legales\/","name":"Mentions l\u00e9gales - Batijournal","isPartOf":{"@id":"https:\/\/batijournal.com\/#website"},"datePublished":"2013-08-30T09:41:58+00:00","dateModified":"2025-11-14T17:21:03+00:00","description":"Mentions l\u00e9gales du site Bati-journal.com, r\u00e9daction, publicit\u00e9, h\u00e9bergement","breadcrumb":{"@id":"https:\/\/batijournal.com\/index.php\/mentions-legales\/#breadcrumb"},"inLanguage":"fr-FR","potentialAction":[{"@type":"ReadAction","target":["https:\/\/batijournal.com\/index.php\/mentions-legales\/"]}]},{"@type":"BreadcrumbList","@id":"https:\/\/batijournal.com\/index.php\/mentions-legales\/#breadcrumb","itemListElement":[{"@type":"ListItem","position":1,"name":"Accueil","item":"https:\/\/batijournal.com\/"},{"@type":"ListItem","position":2,"name":"Mentions l\u00e9gales"}]},{"@type":"WebSite","@id":"https:\/\/batijournal.com\/#website","url":"https:\/\/batijournal.com\/","name":"Batijournal","description":"L&#039;actualit\u00e9 du b\u00e2timent","potentialAction":[{"@type":"SearchAction","target":{"@type":"EntryPoint","urlTemplate":"https:\/\/batijournal.com\/?s={search_term_string}"},"query-input":{"@type":"PropertyValueSpecification","valueRequired":true,"valueName":"search_term_string"}}],"inLanguage":"fr-FR"}]}},"_links":{"self":[{"href":"https:\/\/batijournal.com\/index.php\/wp-json\/wp\/v2\/pages\/135","targetHints":{"allow":["GET"]}}],"collection":[{"href":"https:\/\/batijournal.com\/index.php\/wp-json\/wp\/v2\/pages"}],"about":[{"href":"https:\/\/batijournal.com\/index.php\/wp-json\/wp\/v2\/types\/page"}],"author":[{"embeddable":true,"href":"https:\/\/batijournal.com\/index.php\/wp-json\/wp\/v2\/users\/1"}],"replies":[{"embeddable":true,"href":"https:\/\/batijournal.com\/index.php\/wp-json\/wp\/v2\/comments?post=135"}],"version-history":[{"count":0,"href":"https:\/\/batijournal.com\/index.php\/wp-json\/wp\/v2\/pages\/135\/revisions"}],"wp:attachment":[{"href":"https:\/\/batijournal.com\/index.php\/wp-json\/wp\/v2\/media?parent=135"}],"curies":[{"name":"wp","href":"https:\/\/api.w.org\/{rel}","templated":true}]}}