{"id":93651,"date":"2016-09-07T16:57:52","date_gmt":"2016-09-07T14:57:52","guid":{"rendered":"http:\/\/batijournal.com\/?page_id=93651"},"modified":"2016-09-07T17:33:47","modified_gmt":"2016-09-07T15:33:47","slug":"univers-bati-journal","status":"publish","type":"page","link":"https:\/\/batijournal.com\/index.php\/univers-bati-journal\/","title":{"rendered":"Univers BATI JOURNAL"},"content":{"rendered":"<p>[et_pb_section admin_label=\u00a0\u00bbsection\u00a0\u00bb transparent_background=\u00a0\u00bboff\u00a0\u00bb background_color=\u00a0\u00bb#ededed\u00a0\u00bb allow_player_pause=\u00a0\u00bboff\u00a0\u00bb inner_shadow=\u00a0\u00bboff\u00a0\u00bb parallax=\u00a0\u00bboff\u00a0\u00bb parallax_method=\u00a0\u00bboff\u00a0\u00bb padding_mobile=\u00a0\u00bboff\u00a0\u00bb make_fullwidth=\u00a0\u00bboff\u00a0\u00bb use_custom_width=\u00a0\u00bboff\u00a0\u00bb width_unit=\u00a0\u00bbon\u00a0\u00bb make_equal=\u00a0\u00bboff\u00a0\u00bb use_custom_gutter=\u00a0\u00bboff\u00a0\u00bb][et_pb_row admin_label=\u00a0\u00bbrow\u00a0\u00bb][et_pb_column type=\u00a0\u00bb1_3&Prime;][et_pb_text admin_label=\u00a0\u00bbTexte\u00a0\u00bb background_layout=\u00a0\u00bblight\u00a0\u00bb text_orientation=\u00a0\u00bbleft\u00a0\u00bb use_border_color=\u00a0\u00bboff\u00a0\u00bb border_color=\u00a0\u00bb#ffffff\u00a0\u00bb border_style=\u00a0\u00bbsolid\u00a0\u00bb]<\/p>\n<h3><a href=\"http:\/\/www.batijournal.com\"><img loading=\"lazy\" decoding=\"async\" class=\"aligncenter wp-image-93655 size-full\" src=\"https:\/\/batijournal.com\/wp-content\/uploads\/2016\/09\/bj.png\" alt=\"bj\" width=\"200\" height=\"150\" srcset=\"https:\/\/batijournal.com\/wp-content\/uploads\/2016\/09\/bj.png 200w, https:\/\/batijournal.com\/wp-content\/uploads\/2016\/09\/bj-150x113.png 150w\" sizes=\"(max-width: 200px) 100vw, 200px\" \/><\/a><\/h3>\n<p>[\/et_pb_text][et_pb_text admin_label=\u00a0\u00bbTexte\u00a0\u00bb background_layout=\u00a0\u00bblight\u00a0\u00bb text_orientation=\u00a0\u00bbleft\u00a0\u00bb use_border_color=\u00a0\u00bboff\u00a0\u00bb border_color=\u00a0\u00bb#ffffff\u00a0\u00bb border_style=\u00a0\u00bbsolid\u00a0\u00bb]<\/p>\n<h2 style=\"text-align: left;\"><a href=\"http:\/\/www.batijournal.com\">Toute l\u2019actualit\u00e9 du b\u00e2timent<\/a><\/h2>\n<p>[\/et_pb_text][et_pb_text admin_label=\u00a0\u00bbTexte\u00a0\u00bb background_layout=\u00a0\u00bblight\u00a0\u00bb text_orientation=\u00a0\u00bbleft\u00a0\u00bb use_border_color=\u00a0\u00bboff\u00a0\u00bb border_color=\u00a0\u00bb#ffffff\u00a0\u00bb border_style=\u00a0\u00bbsolid\u00a0\u00bb]<\/p>\n<p><a href=\"https:\/\/batijournal.com\"><img loading=\"lazy\" decoding=\"async\" class=\"alignleft wp-image-93637 size-full\" src=\"https:\/\/batijournal.com\/wp-content\/uploads\/2016\/09\/perso-BJ.png\" alt=\"perso-BJ\" width=\"150\" height=\"139\" \/><\/a><\/p>\n<p>[\/et_pb_text][\/et_pb_column][et_pb_column type=\u00a0\u00bb1_3&Prime;][et_pb_text admin_label=\u00a0\u00bbTexte\u00a0\u00bb background_layout=\u00a0\u00bblight\u00a0\u00bb text_orientation=\u00a0\u00bbleft\u00a0\u00bb use_border_color=\u00a0\u00bboff\u00a0\u00bb border_color=\u00a0\u00bb#ffffff\u00a0\u00bb border_style=\u00a0\u00bbsolid\u00a0\u00bb]<\/p>\n<h3><a href=\"http:\/\/www.batijournal.tv\" target=\"_blank\"><img loading=\"lazy\" decoding=\"async\" class=\"aligncenter wp-image-93656 size-full\" src=\"https:\/\/batijournal.com\/wp-content\/uploads\/2016\/09\/bjtv.png\" alt=\"bjtv\" width=\"200\" height=\"150\" srcset=\"https:\/\/batijournal.com\/wp-content\/uploads\/2016\/09\/bjtv.png 200w, https:\/\/batijournal.com\/wp-content\/uploads\/2016\/09\/bjtv-150x113.png 150w\" sizes=\"(max-width: 200px) 100vw, 200px\" \/><\/a><\/h3>\n<p>[\/et_pb_text][et_pb_text admin_label=\u00a0\u00bbTexte\u00a0\u00bb background_layout=\u00a0\u00bblight\u00a0\u00bb text_orientation=\u00a0\u00bbleft\u00a0\u00bb use_border_color=\u00a0\u00bboff\u00a0\u00bb border_color=\u00a0\u00bb#ffffff\u00a0\u00bb border_style=\u00a0\u00bbsolid\u00a0\u00bb]<\/p>\n<h2 style=\"text-align: left;\"><a href=\"http:\/\/www.batijournal.tv\">La web TV des \u00e9v\u00e9nements de la construction<\/a><\/h2>\n<p>[\/et_pb_text][et_pb_text admin_label=\u00a0\u00bbTexte\u00a0\u00bb background_layout=\u00a0\u00bblight\u00a0\u00bb text_orientation=\u00a0\u00bbleft\u00a0\u00bb use_border_color=\u00a0\u00bboff\u00a0\u00bb border_color=\u00a0\u00bb#ffffff\u00a0\u00bb border_style=\u00a0\u00bbsolid\u00a0\u00bb]<\/p>\n<p><a href=\"http:\/\/batijournal.tv\"><img loading=\"lazy\" decoding=\"async\" class=\"alignleft wp-image-93638 size-full\" src=\"https:\/\/batijournal.com\/wp-content\/uploads\/2016\/09\/perso-BJ1.png\" alt=\"perso-BJ1\" width=\"94\" height=\"131\" \/><\/a><\/p>\n<p>[\/et_pb_text][\/et_pb_column][et_pb_column type=\u00a0\u00bb1_3&Prime;][et_pb_text admin_label=\u00a0\u00bbTexte\u00a0\u00bb background_layout=\u00a0\u00bblight\u00a0\u00bb text_orientation=\u00a0\u00bbleft\u00a0\u00bb use_border_color=\u00a0\u00bboff\u00a0\u00bb border_color=\u00a0\u00bb#ffffff\u00a0\u00bb border_style=\u00a0\u00bbsolid\u00a0\u00bb]<\/p>\n<h3><a href=\"http:\/\/references.batijournal.com\" target=\"_blank\"><img loading=\"lazy\" decoding=\"async\" class=\"aligncenter wp-image-93657 size-full\" src=\"https:\/\/batijournal.com\/wp-content\/uploads\/2016\/09\/ref-bj.png\" alt=\"ref-bj\" width=\"200\" height=\"150\" srcset=\"https:\/\/batijournal.com\/wp-content\/uploads\/2016\/09\/ref-bj.png 200w, https:\/\/batijournal.com\/wp-content\/uploads\/2016\/09\/ref-bj-150x113.png 150w\" sizes=\"(max-width: 200px) 100vw, 200px\" \/><\/a><\/h3>\n<p>[\/et_pb_text][et_pb_text admin_label=\u00a0\u00bbTexte\u00a0\u00bb background_layout=\u00a0\u00bblight\u00a0\u00bb text_orientation=\u00a0\u00bbleft\u00a0\u00bb use_border_color=\u00a0\u00bboff\u00a0\u00bb border_color=\u00a0\u00bb#ffffff\u00a0\u00bb border_style=\u00a0\u00bbsolid\u00a0\u00bb]<\/p>\n<h2 style=\"text-align: left;\">Les grands chantiers r\u00e9f\u00e9rences du secteur du b\u00e2timent<\/h2>\n<p>[\/et_pb_text][et_pb_text admin_label=\u00a0\u00bbTexte\u00a0\u00bb background_layout=\u00a0\u00bblight\u00a0\u00bb text_orientation=\u00a0\u00bbleft\u00a0\u00bb use_border_color=\u00a0\u00bboff\u00a0\u00bb border_color=\u00a0\u00bb#ffffff\u00a0\u00bb border_style=\u00a0\u00bbsolid\u00a0\u00bb]<\/p>\n<p><a href=\"http:\/\/references.batijournal.com\"><img loading=\"lazy\" decoding=\"async\" class=\"alignleft wp-image-93658 size-full\" src=\"https:\/\/batijournal.com\/wp-content\/uploads\/2016\/09\/perso-BJ2.png\" alt=\"perso-BJ2\" width=\"118\" height=\"150\" \/><\/a><\/p>\n<p>[\/et_pb_text][\/et_pb_column][\/et_pb_row][\/et_pb_section]<\/p>\n","protected":false},"excerpt":{"rendered":"<p>Toute l\u2019actualit\u00e9 du b\u00e2timent La web TV des \u00e9v\u00e9nements de la construction Les grands chantiers r\u00e9f\u00e9rences du secteur du b\u00e2timent<\/p>\n","protected":false},"author":1,"featured_media":0,"parent":0,"menu_order":0,"comment_status":"closed","ping_status":"closed","template":"","meta":{"_et_pb_use_builder":"on","_et_pb_old_content":"","_et_gb_content_width":"","footnotes":""},"class_list":["post-93651","page","type-page","status-publish","hentry"],"yoast_head":"<!-- This site is optimized with the Yoast SEO plugin v27.4 - https:\/\/yoast.com\/product\/yoast-seo-wordpress\/ -->\n<title>Univers BATI JOURNAL - Batijournal<\/title>\n<meta name=\"robots\" content=\"index, follow, max-snippet:-1, max-image-preview:large, max-video-preview:-1\" \/>\n<link rel=\"canonical\" href=\"https:\/\/batijournal.com\/index.php\/univers-bati-journal\/\" \/>\n<meta property=\"og:locale\" content=\"fr_FR\" \/>\n<meta property=\"og:type\" content=\"article\" \/>\n<meta property=\"og:title\" content=\"Univers BATI JOURNAL - Batijournal\" \/>\n<meta property=\"og:description\" content=\"Toute l\u2019actualit\u00e9 du b\u00e2timent La web TV des \u00e9v\u00e9nements de la construction Les grands chantiers r\u00e9f\u00e9rences du secteur du b\u00e2timent\" \/>\n<meta property=\"og:url\" content=\"https:\/\/batijournal.com\/index.php\/univers-bati-journal\/\" \/>\n<meta property=\"og:site_name\" content=\"Batijournal\" \/>\n<meta property=\"article:modified_time\" content=\"2016-09-07T15:33:47+00:00\" \/>\n<meta property=\"og:image\" content=\"https:\/\/batijournal.com\/wp-content\/uploads\/2016\/09\/bj.png\" \/>\n<meta name=\"twitter:card\" content=\"summary_large_image\" \/>\n<meta name=\"twitter:site\" content=\"@bati_journal\" \/>\n<meta name=\"twitter:label1\" content=\"Dur\u00e9e de lecture estim\u00e9e\" \/>\n\t<meta name=\"twitter:data1\" content=\"2 minutes\" \/>\n<script type=\"application\/ld+json\" class=\"yoast-schema-graph\">{\"@context\":\"https:\\\/\\\/schema.org\",\"@graph\":[{\"@type\":\"WebPage\",\"@id\":\"https:\\\/\\\/batijournal.com\\\/index.php\\\/univers-bati-journal\\\/\",\"url\":\"https:\\\/\\\/batijournal.com\\\/index.php\\\/univers-bati-journal\\\/\",\"name\":\"Univers BATI JOURNAL - Batijournal\",\"isPartOf\":{\"@id\":\"https:\\\/\\\/batijournal.com\\\/#website\"},\"primaryImageOfPage\":{\"@id\":\"https:\\\/\\\/batijournal.com\\\/index.php\\\/univers-bati-journal\\\/#primaryimage\"},\"image\":{\"@id\":\"https:\\\/\\\/batijournal.com\\\/index.php\\\/univers-bati-journal\\\/#primaryimage\"},\"thumbnailUrl\":\"https:\\\/\\\/batijournal.com\\\/wp-content\\\/uploads\\\/2016\\\/09\\\/bj.png\",\"datePublished\":\"2016-09-07T14:57:52+00:00\",\"dateModified\":\"2016-09-07T15:33:47+00:00\",\"breadcrumb\":{\"@id\":\"https:\\\/\\\/batijournal.com\\\/index.php\\\/univers-bati-journal\\\/#breadcrumb\"},\"inLanguage\":\"fr-FR\",\"potentialAction\":[{\"@type\":\"ReadAction\",\"target\":[\"https:\\\/\\\/batijournal.com\\\/index.php\\\/univers-bati-journal\\\/\"]}]},{\"@type\":\"ImageObject\",\"inLanguage\":\"fr-FR\",\"@id\":\"https:\\\/\\\/batijournal.com\\\/index.php\\\/univers-bati-journal\\\/#primaryimage\",\"url\":\"https:\\\/\\\/batijournal.com\\\/wp-content\\\/uploads\\\/2016\\\/09\\\/bj.png\",\"contentUrl\":\"https:\\\/\\\/batijournal.com\\\/wp-content\\\/uploads\\\/2016\\\/09\\\/bj.png\",\"width\":200,\"height\":150},{\"@type\":\"BreadcrumbList\",\"@id\":\"https:\\\/\\\/batijournal.com\\\/index.php\\\/univers-bati-journal\\\/#breadcrumb\",\"itemListElement\":[{\"@type\":\"ListItem\",\"position\":1,\"name\":\"Accueil\",\"item\":\"https:\\\/\\\/batijournal.com\\\/\"},{\"@type\":\"ListItem\",\"position\":2,\"name\":\"Univers BATI JOURNAL\"}]},{\"@type\":\"WebSite\",\"@id\":\"https:\\\/\\\/batijournal.com\\\/#website\",\"url\":\"https:\\\/\\\/batijournal.com\\\/\",\"name\":\"Batijournal\",\"description\":\"L&#039;actualit\u00e9 du b\u00e2timent\",\"potentialAction\":[{\"@type\":\"SearchAction\",\"target\":{\"@type\":\"EntryPoint\",\"urlTemplate\":\"https:\\\/\\\/batijournal.com\\\/?s={search_term_string}\"},\"query-input\":{\"@type\":\"PropertyValueSpecification\",\"valueRequired\":true,\"valueName\":\"search_term_string\"}}],\"inLanguage\":\"fr-FR\"}]}<\/script>\n<!-- \/ Yoast SEO plugin. -->","yoast_head_json":{"title":"Univers BATI JOURNAL - Batijournal","robots":{"index":"index","follow":"follow","max-snippet":"max-snippet:-1","max-image-preview":"max-image-preview:large","max-video-preview":"max-video-preview:-1"},"canonical":"https:\/\/batijournal.com\/index.php\/univers-bati-journal\/","og_locale":"fr_FR","og_type":"article","og_title":"Univers BATI JOURNAL - Batijournal","og_description":"Toute l\u2019actualit\u00e9 du b\u00e2timent La web TV des \u00e9v\u00e9nements de la construction Les grands chantiers r\u00e9f\u00e9rences du secteur du b\u00e2timent","og_url":"https:\/\/batijournal.com\/index.php\/univers-bati-journal\/","og_site_name":"Batijournal","article_modified_time":"2016-09-07T15:33:47+00:00","og_image":[{"url":"https:\/\/batijournal.com\/wp-content\/uploads\/2016\/09\/bj.png","type":"","width":"","height":""}],"twitter_card":"summary_large_image","twitter_site":"@bati_journal","twitter_misc":{"Dur\u00e9e de lecture estim\u00e9e":"2 minutes"},"schema":{"@context":"https:\/\/schema.org","@graph":[{"@type":"WebPage","@id":"https:\/\/batijournal.com\/index.php\/univers-bati-journal\/","url":"https:\/\/batijournal.com\/index.php\/univers-bati-journal\/","name":"Univers BATI JOURNAL - Batijournal","isPartOf":{"@id":"https:\/\/batijournal.com\/#website"},"primaryImageOfPage":{"@id":"https:\/\/batijournal.com\/index.php\/univers-bati-journal\/#primaryimage"},"image":{"@id":"https:\/\/batijournal.com\/index.php\/univers-bati-journal\/#primaryimage"},"thumbnailUrl":"https:\/\/batijournal.com\/wp-content\/uploads\/2016\/09\/bj.png","datePublished":"2016-09-07T14:57:52+00:00","dateModified":"2016-09-07T15:33:47+00:00","breadcrumb":{"@id":"https:\/\/batijournal.com\/index.php\/univers-bati-journal\/#breadcrumb"},"inLanguage":"fr-FR","potentialAction":[{"@type":"ReadAction","target":["https:\/\/batijournal.com\/index.php\/univers-bati-journal\/"]}]},{"@type":"ImageObject","inLanguage":"fr-FR","@id":"https:\/\/batijournal.com\/index.php\/univers-bati-journal\/#primaryimage","url":"https:\/\/batijournal.com\/wp-content\/uploads\/2016\/09\/bj.png","contentUrl":"https:\/\/batijournal.com\/wp-content\/uploads\/2016\/09\/bj.png","width":200,"height":150},{"@type":"BreadcrumbList","@id":"https:\/\/batijournal.com\/index.php\/univers-bati-journal\/#breadcrumb","itemListElement":[{"@type":"ListItem","position":1,"name":"Accueil","item":"https:\/\/batijournal.com\/"},{"@type":"ListItem","position":2,"name":"Univers BATI JOURNAL"}]},{"@type":"WebSite","@id":"https:\/\/batijournal.com\/#website","url":"https:\/\/batijournal.com\/","name":"Batijournal","description":"L&#039;actualit\u00e9 du b\u00e2timent","potentialAction":[{"@type":"SearchAction","target":{"@type":"EntryPoint","urlTemplate":"https:\/\/batijournal.com\/?s={search_term_string}"},"query-input":{"@type":"PropertyValueSpecification","valueRequired":true,"valueName":"search_term_string"}}],"inLanguage":"fr-FR"}]}},"_links":{"self":[{"href":"https:\/\/batijournal.com\/index.php\/wp-json\/wp\/v2\/pages\/93651","targetHints":{"allow":["GET"]}}],"collection":[{"href":"https:\/\/batijournal.com\/index.php\/wp-json\/wp\/v2\/pages"}],"about":[{"href":"https:\/\/batijournal.com\/index.php\/wp-json\/wp\/v2\/types\/page"}],"author":[{"embeddable":true,"href":"https:\/\/batijournal.com\/index.php\/wp-json\/wp\/v2\/users\/1"}],"replies":[{"embeddable":true,"href":"https:\/\/batijournal.com\/index.php\/wp-json\/wp\/v2\/comments?post=93651"}],"version-history":[{"count":0,"href":"https:\/\/batijournal.com\/index.php\/wp-json\/wp\/v2\/pages\/93651\/revisions"}],"wp:attachment":[{"href":"https:\/\/batijournal.com\/index.php\/wp-json\/wp\/v2\/media?parent=93651"}],"curies":[{"name":"wp","href":"https:\/\/api.w.org\/{rel}","templated":true}]}}